{"id":759,"date":"2023-08-31T11:44:57","date_gmt":"2023-08-31T09:44:57","guid":{"rendered":"https:\/\/www.slix.de\/lerntherapie\/?page_id=759"},"modified":"2024-02-09T14:03:44","modified_gmt":"2024-02-09T13:03:44","slug":"registrierung","status":"publish","type":"page","link":"https:\/\/www.slix.de\/lerntherapie\/registrierung\/","title":{"rendered":"Registrierung"},"content":{"rendered":"\n<p style=\"font-size:27px\"><strong>Registrierung f\u00fcr SLIM-X, der Cloud-Software-L\u00f6sung f\u00fcr Lerntherapeutische Praxen<\/strong><\/p>\n\n\n\n<p>Hier registrieren Sie sich f\u00fcr eine eigene produktive Umgebung von SLIM-X. Der erste Monat ist frei, anschlie\u00dfend erhalten Sie monatlich eine Rechnung, falls Sie nicht innerhalb des Probemonats k\u00fcndigen. Wir empfehlen die Einrichtung eines Dauerauftrages.<\/p>\n\n\n\n<p>Der monatliche Preis betr\u00e4gt 24,75 Euro pro Monat bis 2 Benutzer (Basic-Edition) und 64,50 Euro bis 10 Benutzer (Premium-Edition). Alle Preise inklusive der gestzlichen Mehrwertsteuer. F\u00fcr mehr als 10 Benutzer (Ultimate-Edition) oder Individual-Anforderungen (VIP-Edition) vermerken Sie dies bitte im Nachrichtenfeld des folgenden Kontaktformulars. Wir setzen uns dann mit Ihnen in Verbindung um Ihre speziellen Anforderungen zu besprechen.<\/p>\n\n\n\n<p>Die Daten Ihrer Kunden sind personenbezogene Daten nach Datenschutzggrundverordnung (DSVGO). Ohne eine g\u00fcltige <a href=\"https:\/\/www.slix.de\/lerntherapie\/Auftragsverarbeitung\" target=\"_blank\" rel=\"noopener\">Vereinbarung zur Auftragsverarbeitung<\/a> d\u00fcrfen Sie diese Daten weder an uns zur Verarbeitung weitergeben, noch d\u00fcrfen wir diese entgegennehmen. Bitte lesen Sie diese durch und informieren Sie sich \u00fcber die entsprechenden Rechte und Pflichten. In der der Vereinbarung zur Auftragsverarbeitung erl\u00e4utern wir auch die Rechte und Pflichten, die sich durch die Einbeziehung von Subkontraktoren (Cloud-Hoster Oracle Corporation) gehen.<\/p>\n\n\n\n<p>Die Vertragsdetails zur Nutzung von SLIM-X, die \u00fcber die Vereinbarung zur Auftragsverarbeitung hinausgehen, finden Sie in den <a href=\"https:\/\/www.slix.de\/lerntherapie\/AGB\" target=\"_blank\" rel=\"noopener\">AGB<\/a>.<\/p>\n\n\n\n<p>Ausf\u00fchrlicherere Informationen finden Sie unter den <a href=\"https:\/\/www.slix.de\/lerntherapie\/downloads\/\" target=\"_blank\" rel=\"noopener\">Downloads<\/a>.<\/p>\n\n\n\n<p>Wir gehen davon aus, dass Sie gewerblicher Nutzer sind, ohne Widerrufsrecht, wie Endverbraucher. Die Bedingungen des kostenfreien Probemonats gehen \u00fcber dieses Widerrufsrecht hinaus, so dass Ihnen als gewerblicher Benutzer keine Nachteile entstehen. Sollten Sie unerwartet doch Endverbraucher sein, w\u00e4hlen Sie dies bitte in der Checkbox im folgenden Kontaktformular aus. Sie erhalten dann eine <a href=\"https:\/\/www.slix.de\/lerntherapie\/Widerrufsbelehrung\" target=\"_blank\" rel=\"noopener\">Widerrufsbelehrung<\/a> von uns, entsprechend den gesetzlichen Vorgaben, und die Widerrufsfrist l\u00e4uft erst ab Zugang der Belehrung. Nat\u00fcrlich profitieren auch Endverbraucher vom kostenlosen Probemonat.<\/p>\n\n\n\n<p>&nbsp;<\/p>\n\n\n\n<p>&nbsp;<\/p>\n\n\n\n<div class=\"wp-block-contact-form-7-contact-form-selector\">\n<div class=\"wpcf7 no-js\" id=\"wpcf7-f761-o1\" lang=\"en-US\" dir=\"ltr\" data-wpcf7-id=\"761\">\n<div class=\"screen-reader-response\"><p role=\"status\" aria-live=\"polite\" aria-atomic=\"true\"><\/p> <ul><\/ul><\/div>\n<form action=\"\/lerntherapie\/wp-json\/wp\/v2\/pages\/759#wpcf7-f761-o1\" method=\"post\" class=\"wpcf7-form init wpcf7-acceptance-as-validation\" aria-label=\"Contact form\" novalidate=\"novalidate\" data-status=\"init\">\n<fieldset class=\"hidden-fields-container\"><input type=\"hidden\" name=\"_wpcf7\" value=\"761\" \/><input type=\"hidden\" name=\"_wpcf7_version\" value=\"6.1.5\" \/><input type=\"hidden\" name=\"_wpcf7_locale\" value=\"en_US\" \/><input type=\"hidden\" name=\"_wpcf7_unit_tag\" value=\"wpcf7-f761-o1\" \/><input type=\"hidden\" name=\"_wpcf7_container_post\" value=\"0\" \/><input type=\"hidden\" name=\"_wpcf7_posted_data_hash\" value=\"\" \/><input type=\"hidden\" name=\"_wpcf7_recaptcha_response\" value=\"\" \/>\n<\/fieldset>\n<p>Endverbraucher<br \/>\n<span class=\"wpcf7-form-control-wrap\" data-name=\"Endverbraucher\"><span class=\"wpcf7-form-control wpcf7-acceptance optional\"><span class=\"wpcf7-list-item\"><label><input type=\"checkbox\" name=\"Endverbraucher\" value=\"1\" aria-invalid=\"false\" \/><span class=\"wpcf7-list-item-label\">Ich bin kein gewerblicher Nutzer sondern Endverbraucher (optional)<\/span><\/label><\/span><\/span><\/span>\n<\/p>\n<p><label> Admin-Nachname (erforderlich)<br \/>\n<span class=\"wpcf7-form-control-wrap\" data-name=\"adminnachname\"><input size=\"40\" maxlength=\"400\" class=\"wpcf7-form-control wpcf7-text wpcf7-validates-as-required\" aria-required=\"true\" aria-invalid=\"false\" value=\"\" type=\"text\" name=\"adminnachname\" \/><\/span> <\/label>\n<\/p>\n<p><label> Admin-Vorname (erforderlich)<br \/>\n<span class=\"wpcf7-form-control-wrap\" data-name=\"adminvorname\"><input size=\"40\" maxlength=\"400\" class=\"wpcf7-form-control wpcf7-text wpcf7-validates-as-required\" aria-required=\"true\" aria-invalid=\"false\" value=\"\" type=\"text\" name=\"adminvorname\" \/><\/span> <\/label>\n<\/p>\n<p><label> Admin-Email (erforderlich)<br \/>\n<span class=\"wpcf7-form-control-wrap\" data-name=\"adminmail\"><input size=\"40\" maxlength=\"400\" class=\"wpcf7-form-control wpcf7-email wpcf7-validates-as-required wpcf7-text wpcf7-validates-as-email\" aria-required=\"true\" aria-invalid=\"false\" value=\"\" type=\"email\" name=\"adminmail\" \/><\/span> <\/label>\n<\/p>\n<p><label> Admin-Telefon f\u00fcr R\u00fcckfragen (optional)<br \/>\n<span class=\"wpcf7-form-control-wrap\" data-name=\"adminphone\"><input size=\"40\" maxlength=\"400\" class=\"wpcf7-form-control wpcf7-tel wpcf7-text wpcf7-validates-as-tel\" aria-invalid=\"false\" value=\"\" type=\"tel\" name=\"adminphone\" \/><\/span> <\/label>\n<\/p>\n<p><label> Praxisname (erforderlich)<br \/>\n<span class=\"wpcf7-form-control-wrap\" data-name=\"beschreibung\"><input size=\"40\" maxlength=\"400\" class=\"wpcf7-form-control wpcf7-text wpcf7-validates-as-required\" aria-required=\"true\" aria-invalid=\"false\" value=\"\" type=\"text\" name=\"beschreibung\" \/><\/span> <\/label>\n<\/p>\n<p><label> Stra\u00dfe (erforderlich)<br \/>\n<span class=\"wpcf7-form-control-wrap\" data-name=\"strasse\"><input size=\"40\" maxlength=\"400\" class=\"wpcf7-form-control wpcf7-text wpcf7-validates-as-required\" aria-required=\"true\" aria-invalid=\"false\" value=\"\" type=\"text\" name=\"strasse\" \/><\/span> <\/label>\n<\/p>\n<p><label> Hausnummer (erforderlich)<br \/>\n<span class=\"wpcf7-form-control-wrap\" data-name=\"hausnummer\"><input size=\"40\" maxlength=\"400\" class=\"wpcf7-form-control wpcf7-text wpcf7-validates-as-required\" aria-required=\"true\" aria-invalid=\"false\" value=\"\" type=\"text\" name=\"hausnummer\" \/><\/span> <\/label>\n<\/p>\n<p><label> Weitere Adresszeile (optional)<br \/>\n<span class=\"wpcf7-form-control-wrap\" data-name=\"adresse2\"><input size=\"40\" maxlength=\"400\" class=\"wpcf7-form-control wpcf7-text\" aria-invalid=\"false\" value=\"\" type=\"text\" name=\"adresse2\" \/><\/span> <\/label>\n<\/p>\n<p><label> Postleitzahl (erforderlich)<br \/>\n<span class=\"wpcf7-form-control-wrap\" data-name=\"plz\"><input size=\"40\" maxlength=\"400\" class=\"wpcf7-form-control wpcf7-text wpcf7-validates-as-required\" aria-required=\"true\" aria-invalid=\"false\" value=\"\" type=\"text\" name=\"plz\" \/><\/span> <\/label>\n<\/p>\n<p><label> Stadt (erforderlich)<br \/>\n<span class=\"wpcf7-form-control-wrap\" data-name=\"stadt\"><input size=\"40\" maxlength=\"400\" class=\"wpcf7-form-control wpcf7-text wpcf7-validates-as-required\" aria-required=\"true\" aria-invalid=\"false\" value=\"\" type=\"text\" name=\"stadt\" \/><\/span> <\/label>\n<\/p>\n<p><label> Maximale Anzahl Therapeuten\/Praxisgr\u00f6\u00dfe (erforderlich)<br \/>\n<span class=\"wpcf7-form-control-wrap\" data-name=\"praxisgroesse\"><input size=\"40\" maxlength=\"400\" class=\"wpcf7-form-control wpcf7-text wpcf7-validates-as-required\" aria-required=\"true\" aria-invalid=\"false\" value=\"\" type=\"text\" name=\"praxisgroesse\" \/><\/span> <\/label>\n<\/p>\n<p><label> Ihre Nachricht (optional)<br \/>\n<span class=\"wpcf7-form-control-wrap\" data-name=\"your-message\"><textarea cols=\"40\" rows=\"10\" maxlength=\"2000\" class=\"wpcf7-form-control wpcf7-textarea\" aria-invalid=\"false\" name=\"your-message\"><\/textarea><\/span> <\/label>\n<\/p>\n<p>DSGVO-Einverst\u00e4ndnis<br \/>\n<span class=\"wpcf7-form-control-wrap\" data-name=\"DSGVO\"><span class=\"wpcf7-form-control wpcf7-acceptance\"><span class=\"wpcf7-list-item\"><label><input type=\"checkbox\" name=\"DSGVO\" value=\"1\" aria-invalid=\"false\" \/><span class=\"wpcf7-list-item-label\">Ich willige ein, dass diese Website meine \u00fcbermittelten Informationen speichert, sodass meine Anfrage beantwortet werden kann. (erforderlich)<\/span><\/label><\/span><\/span><\/span>\n<\/p>\n<p>AGB-Einverst\u00e4ndnis<br \/>\n<span class=\"wpcf7-form-control-wrap\" data-name=\"AGB\"><span class=\"wpcf7-form-control wpcf7-acceptance\"><span class=\"wpcf7-list-item\"><label><input type=\"checkbox\" name=\"AGB\" value=\"1\" aria-invalid=\"false\" \/><span class=\"wpcf7-list-item-label\">Ich habe die AGB gelesen und willige ein, dass diese Vertragsbestandteil werden. (erforderlich)<\/span><\/label><\/span><\/span><\/span>\n<\/p>\n<p>Auftragsverarbeitung-Einverst\u00e4ndnis<br \/>\n<span class=\"wpcf7-form-control-wrap\" data-name=\"Auftragsverarbeitung\"><span class=\"wpcf7-form-control wpcf7-acceptance\"><span class=\"wpcf7-list-item\"><label><input type=\"checkbox\" name=\"Auftragsverarbeitung\" value=\"1\" aria-invalid=\"false\" \/><span class=\"wpcf7-list-item-label\">Ich habe die Vereinbarung zur Auftragsverarbeitung gelesen und willige ein, dass diese Vertragsbestandteil werden. (erforderlich)<\/span><\/label><\/span><\/span><\/span>\n<\/p>\n<p>Newsletter<br \/>\n<span class=\"wpcf7-form-control-wrap\" data-name=\"Newsletter\"><span class=\"wpcf7-form-control wpcf7-acceptance optional\"><span class=\"wpcf7-list-item\"><label><input type=\"checkbox\" name=\"Newsletter\" value=\"1\" aria-invalid=\"false\" \/><span class=\"wpcf7-list-item-label\">Ich m\u00f6chte den SLIM-X Newsletter erhalten. (optional)<\/span><\/label><\/span><\/span><\/span>\n<\/p>\n<p><input class=\"wpcf7-form-control wpcf7-submit has-spinner\" type=\"submit\" value=\"Senden\" \/>\n<\/p><div class=\"wpcf7-response-output\" aria-hidden=\"true\"><\/div>\n<\/form>\n<\/div>\n<\/div>\n","protected":false},"excerpt":{"rendered":"<p>Registrierung f\u00fcr SLIM-X, der Cloud-Software-L\u00f6sung f\u00fcr Lerntherapeutische Praxen Hier registrieren Sie sich f\u00fcr eine eigene produktive Umgebung von SLIM-X. Der erste Monat ist frei, anschlie\u00dfend erhalten Sie monatlich eine Rechnung, falls Sie nicht innerhalb des Probemonats k\u00fcndigen. Wir empfehlen die Einrichtung eines Dauerauftrages. Der monatliche Preis betr\u00e4gt 24,75 Euro pro Monat bis 2 Benutzer (Basic-Edition)&hellip; <br \/> <a class=\"read-more\" href=\"https:\/\/www.slix.de\/lerntherapie\/registrierung\/\">Weiterlesen<\/a><\/p>\n","protected":false},"author":4,"featured_media":411,"parent":0,"menu_order":0,"comment_status":"closed","ping_status":"closed","template":"","meta":{"footnotes":""},"class_list":["post-759","page","type-page","status-publish","has-post-thumbnail","hentry"],"_links":{"self":[{"href":"https:\/\/www.slix.de\/lerntherapie\/wp-json\/wp\/v2\/pages\/759","targetHints":{"allow":["GET"]}}],"collection":[{"href":"https:\/\/www.slix.de\/lerntherapie\/wp-json\/wp\/v2\/pages"}],"about":[{"href":"https:\/\/www.slix.de\/lerntherapie\/wp-json\/wp\/v2\/types\/page"}],"author":[{"embeddable":true,"href":"https:\/\/www.slix.de\/lerntherapie\/wp-json\/wp\/v2\/users\/4"}],"replies":[{"embeddable":true,"href":"https:\/\/www.slix.de\/lerntherapie\/wp-json\/wp\/v2\/comments?post=759"}],"version-history":[{"count":9,"href":"https:\/\/www.slix.de\/lerntherapie\/wp-json\/wp\/v2\/pages\/759\/revisions"}],"predecessor-version":[{"id":1245,"href":"https:\/\/www.slix.de\/lerntherapie\/wp-json\/wp\/v2\/pages\/759\/revisions\/1245"}],"wp:featuredmedia":[{"embeddable":true,"href":"https:\/\/www.slix.de\/lerntherapie\/wp-json\/wp\/v2\/media\/411"}],"wp:attachment":[{"href":"https:\/\/www.slix.de\/lerntherapie\/wp-json\/wp\/v2\/media?parent=759"}],"curies":[{"name":"wp","href":"https:\/\/api.w.org\/{rel}","templated":true}]}}