{"id":679,"date":"2023-11-29T22:22:22","date_gmt":"2023-11-29T21:22:22","guid":{"rendered":"https:\/\/www.slix.de\/lerntherapie\/?page_id=679"},"modified":"2023-12-05T22:54:42","modified_gmt":"2023-12-05T21:54:42","slug":"faq","status":"publish","type":"page","link":"https:\/\/www.slix.de\/lerntherapie\/faq\/","title":{"rendered":"FAQ"},"content":{"rendered":"<div class=\"wpb-content-wrapper\">[vc_row][vc_column][vc_column_text]\r\n<div data-id=\"initial-content-section\" data-export-id=\"initial-content-section\" data-label=\"Initial Content\" id=\"initial-content-section\" class=\"content-section content-section-spacing\">\r\n<div class=\"gridContainer\">\r\n<div class=\"row\">\r\n<div class=\"col-xs-12 col-sm-12\">\r\n\r\n[\/vc_column_text][\/vc_column][\/vc_row][vc_row][vc_column][vc_column_text]\r\n<h3>\u00a0 Inhalts-Suche in allen Artikeln (FAQ, Blog, etc.)<\/h3>\r\n[\/vc_column_text][vc_wp_search][\/vc_column][\/vc_row][vc_row][vc_column][vc_column_text]\r\n<h3>\u00a0 Suche in den unten aufgef\u00fchrten FAQ-\u00dcberschriften (Filtern)<\/h3>\r\n[\/vc_column_text]<div class=\"wpg-list-wrapper wpg-list-wrapper-template-\"><div class=\"wpg-list-search-form wpg-list-search-form-position-above\"><input type=\"text\" placeholder=\"Search by Keyword ...\" value=\"\" \/><\/div><div class=\"wpg-list-filter-container\"><div class=\"wpg-list-filter\"><span class=\"wpg-list-filter-row\"><a class=\" filter active\" data-filter=\"all\">Alle<\/a><a class=\" filter-disable\" data-filter=\".wpg-filter-a\">A<\/a><a class=\" filter\" data-filter=\".wpg-filter-b\">B<\/a><a class=\" filter-disable\" data-filter=\".wpg-filter-c\">C<\/a><a class=\" filter\" data-filter=\".wpg-filter-d\">D<\/a><a class=\" filter\" data-filter=\".wpg-filter-e\">E<\/a><a class=\" filter-disable\" data-filter=\".wpg-filter-f\">F<\/a><a class=\" filter-disable\" data-filter=\".wpg-filter-g\">G<\/a><a class=\" filter-disable\" data-filter=\".wpg-filter-h\">H<\/a><a class=\" filter-disable\" data-filter=\".wpg-filter-i\">I<\/a><a class=\" filter-disable\" data-filter=\".wpg-filter-j\">J<\/a><a class=\" filter\" data-filter=\".wpg-filter-k\">K<\/a><a class=\" filter\" data-filter=\".wpg-filter-l\">L<\/a><a class=\" filter\" data-filter=\".wpg-filter-m\">M<\/a><a class=\" filter-disable\" data-filter=\".wpg-filter-n\">N<\/a><a class=\" filter-disable\" data-filter=\".wpg-filter-o\">O<\/a><a class=\" filter\" data-filter=\".wpg-filter-p\">P<\/a><a class=\" filter-disable\" data-filter=\".wpg-filter-q\">Q<\/a><a class=\" filter\" data-filter=\".wpg-filter-r\">R<\/a><a class=\" filter-disable\" data-filter=\".wpg-filter-s\">S<\/a><a class=\" filter-disable\" data-filter=\".wpg-filter-t\">T<\/a><a class=\" filter-disable\" data-filter=\".wpg-filter-u\">U<\/a><a class=\" filter-disable\" data-filter=\".wpg-filter-v\">V<\/a><a class=\" filter-disable\" data-filter=\".wpg-filter-w\">W<\/a><a class=\" filter-disable\" data-filter=\".wpg-filter-x\">X<\/a><a class=\" filter-disable\" data-filter=\".wpg-filter-y\">Y<\/a><a class=\" filter-disable\" data-filter=\".wpg-filter-z\">Z<\/a><\/span><\/div><\/div><div class=\"wpg-list wpg-list-template-\"><div class=\"wpg-list-block wpg-filter-b mix\" data-filter-base=\"b\"><h3 class=\"wpg-list-block-heading\">B<\/h3><ul class=\"wpg-list-items\"><li class=\"wpg-list-item\"><a class=\"wpg-list-item-title wpg-tooltip\" title=\"&lt;h3 class=&quot;wpg-tooltip-title&quot;&gt;&lt;span class=&quot;wpg-tooltip-term-title&quot;&gt;Behandlungen&lt;\/span&gt;&lt;\/h3&gt;&lt;div class=&quot;wpg-tooltip-content&quot;&gt;&lt;p&gt;Ansicht der Behandlungen, Wechsel des Status auf &quot;Teilgenommen&quot; und Rechnungserstellung.&lt;\/p&gt;&lt;p class=&quot;wpg-read-more&quot;&gt;&lt;a href=&quot;https:\/\/www.slix.de\/lerntherapie\/glossary\/behandlungen\/&quot;&gt;Weitere Info&lt;\/a&gt;&lt;\/p&gt;&lt;\/div&gt;\" href=\"https:\/\/www.slix.de\/lerntherapie\/glossary\/behandlungen\/\" target=\"_blank\">Behandlungen<\/a><\/li><li class=\"wpg-list-item\"><a class=\"wpg-list-item-title wpg-tooltip\" title=\"&lt;h3 class=&quot;wpg-tooltip-title&quot;&gt;&lt;span class=&quot;wpg-tooltip-term-title&quot;&gt;Benutzerprofil&lt;\/span&gt;&lt;\/h3&gt;&lt;div class=&quot;wpg-tooltip-content&quot;&gt;&lt;p&gt;Anpassung der pers\u00f6nlichen Daten.&lt;\/p&gt;&lt;p class=&quot;wpg-read-more&quot;&gt;&lt;a href=&quot;https:\/\/www.slix.de\/lerntherapie\/glossary\/benutzerprofil\/&quot;&gt;Weitere Info&lt;\/a&gt;&lt;\/p&gt;&lt;\/div&gt;\" href=\"https:\/\/www.slix.de\/lerntherapie\/glossary\/benutzerprofil\/\" target=\"_blank\">Benutzerprofil<\/a><\/li><li class=\"wpg-list-item\"><a class=\"wpg-list-item-title wpg-tooltip\" title=\"&lt;h3 class=&quot;wpg-tooltip-title&quot;&gt;&lt;span class=&quot;wpg-tooltip-term-title&quot;&gt;Berichte&lt;\/span&gt;&lt;\/h3&gt;&lt;div class=&quot;wpg-tooltip-content&quot;&gt;&lt;p&gt;Berichte und Auswertungen.&lt;\/p&gt;&lt;p class=&quot;wpg-read-more&quot;&gt;&lt;a href=&quot;https:\/\/www.slix.de\/lerntherapie\/glossary\/berichte\/&quot;&gt;Weitere Info&lt;\/a&gt;&lt;\/p&gt;&lt;\/div&gt;\" href=\"https:\/\/www.slix.de\/lerntherapie\/glossary\/berichte\/\" target=\"_blank\">Berichte<\/a><\/li><\/ul><\/div><div class=\"wpg-list-block wpg-filter-d mix\" data-filter-base=\"d\"><h3 class=\"wpg-list-block-heading\">D<\/h3><ul class=\"wpg-list-items\"><li class=\"wpg-list-item\"><a class=\"wpg-list-item-title wpg-tooltip\" title=\"&lt;h3 class=&quot;wpg-tooltip-title&quot;&gt;&lt;span class=&quot;wpg-tooltip-term-title&quot;&gt;Dashboard&lt;\/span&gt;&lt;\/h3&gt;&lt;div class=&quot;wpg-tooltip-content&quot;&gt;&lt;p&gt;Das Dashboard zeigt eine \u00dcbersicht \u00fcber Geburtstage, Termine und Kontingente.&lt;\/p&gt;&lt;p class=&quot;wpg-read-more&quot;&gt;&lt;a href=&quot;https:\/\/www.slix.de\/lerntherapie\/glossary\/dashboard\/&quot;&gt;Weitere Info&lt;\/a&gt;&lt;\/p&gt;&lt;\/div&gt;\" href=\"https:\/\/www.slix.de\/lerntherapie\/glossary\/dashboard\/\" target=\"_blank\">Dashboard<\/a><\/li><\/ul><\/div><div class=\"wpg-list-block wpg-filter-e mix\" data-filter-base=\"e\"><h3 class=\"wpg-list-block-heading\">E<\/h3><ul class=\"wpg-list-items\"><li class=\"wpg-list-item\"><a class=\"wpg-list-item-title wpg-tooltip\" title=\"&lt;h3 class=&quot;wpg-tooltip-title&quot;&gt;&lt;span class=&quot;wpg-tooltip-term-title&quot;&gt;Erste Schritte&lt;\/span&gt;&lt;\/h3&gt;&lt;div class=&quot;wpg-tooltip-content&quot;&gt;&lt;p&gt;Anlegen von Praxis, Mitarbeitern, Kostentr\u00e4gern, Leistungsarten und Klienten.&lt;br \/&gt;\nZuweisung von Kostentr\u00e4ger und Kontingent.&lt;br \/&gt;\nBehandlungen planen, durchf\u00fchren und abrechnen.&lt;\/p&gt;\n&lt;p class=&quot;wpg-read-more&quot;&gt;&lt;a href=&quot;https:\/\/www.slix.de\/lerntherapie\/glossary\/erste-schritte\/&quot;&gt;Weitere Info&lt;\/a&gt;&lt;\/p&gt;&lt;\/div&gt;\" href=\"https:\/\/www.slix.de\/lerntherapie\/glossary\/erste-schritte\/\" target=\"_blank\">Erste Schritte<\/a><\/li><\/ul><\/div><div class=\"wpg-list-block wpg-filter-k mix\" data-filter-base=\"k\"><h3 class=\"wpg-list-block-heading\">K<\/h3><ul class=\"wpg-list-items\"><li class=\"wpg-list-item\"><a class=\"wpg-list-item-title wpg-tooltip\" title=\"&lt;h3 class=&quot;wpg-tooltip-title&quot;&gt;&lt;span class=&quot;wpg-tooltip-term-title&quot;&gt;Kalender&lt;\/span&gt;&lt;\/h3&gt;&lt;div class=&quot;wpg-tooltip-content&quot;&gt;&lt;p&gt;Kalender zur \u00dcBersicht und Planung von Terminen und Behandlungen.&lt;\/p&gt;&lt;p class=&quot;wpg-read-more&quot;&gt;&lt;a href=&quot;https:\/\/www.slix.de\/lerntherapie\/glossary\/kalender\/&quot;&gt;Weitere Info&lt;\/a&gt;&lt;\/p&gt;&lt;\/div&gt;\" href=\"https:\/\/www.slix.de\/lerntherapie\/glossary\/kalender\/\" target=\"_blank\">Kalender<\/a><\/li><li class=\"wpg-list-item\"><a class=\"wpg-list-item-title wpg-tooltip\" title=\"&lt;h3 class=&quot;wpg-tooltip-title&quot;&gt;&lt;span class=&quot;wpg-tooltip-term-title&quot;&gt;Klient(inn)en&lt;\/span&gt;&lt;\/h3&gt;&lt;div class=&quot;wpg-tooltip-content&quot;&gt;&lt;p&gt;Klienten legen Sie unter Stammdaten -&gt; Klienten an.&lt;\/p&gt;&lt;p class=&quot;wpg-read-more&quot;&gt;&lt;a href=&quot;https:\/\/www.slix.de\/lerntherapie\/glossary\/klienten\/&quot;&gt;Weitere Info&lt;\/a&gt;&lt;\/p&gt;&lt;\/div&gt;\" href=\"https:\/\/www.slix.de\/lerntherapie\/glossary\/klienten\/\" target=\"_blank\">Klient(inn)en<\/a><\/li><li class=\"wpg-list-item\"><a class=\"wpg-list-item-title wpg-tooltip\" title=\"&lt;h3 class=&quot;wpg-tooltip-title&quot;&gt;&lt;span class=&quot;wpg-tooltip-term-title&quot;&gt;Kostentr\u00e4ger&lt;\/span&gt;&lt;\/h3&gt;&lt;div class=&quot;wpg-tooltip-content&quot;&gt;&lt;p&gt;Kostentr\u00e4ger legen Sie unter Stammdaten -&gt; Kostentr\u00e4ger an.&lt;\/p&gt;&lt;p class=&quot;wpg-read-more&quot;&gt;&lt;a href=&quot;https:\/\/www.slix.de\/lerntherapie\/glossary\/kostentraeger\/&quot;&gt;Weitere Info&lt;\/a&gt;&lt;\/p&gt;&lt;\/div&gt;\" href=\"https:\/\/www.slix.de\/lerntherapie\/glossary\/kostentraeger\/\" target=\"_blank\">Kostentr\u00e4ger<\/a><\/li><\/ul><\/div><div class=\"wpg-list-block wpg-filter-l mix\" data-filter-base=\"l\"><h3 class=\"wpg-list-block-heading\">L<\/h3><ul class=\"wpg-list-items\"><li class=\"wpg-list-item\"><a class=\"wpg-list-item-title wpg-tooltip\" title=\"&lt;h3 class=&quot;wpg-tooltip-title&quot;&gt;&lt;span class=&quot;wpg-tooltip-term-title&quot;&gt;Leistungsarten&lt;\/span&gt;&lt;\/h3&gt;&lt;div class=&quot;wpg-tooltip-content&quot;&gt;&lt;p&gt;Leistungsarten legen Sie unter Stammdaten -&gt; Leistungsarten an.&lt;\/p&gt;&lt;p class=&quot;wpg-read-more&quot;&gt;&lt;a href=&quot;https:\/\/www.slix.de\/lerntherapie\/glossary\/leistungsarten\/&quot;&gt;Weitere Info&lt;\/a&gt;&lt;\/p&gt;&lt;\/div&gt;\" href=\"https:\/\/www.slix.de\/lerntherapie\/glossary\/leistungsarten\/\" target=\"_blank\">Leistungsarten<\/a><\/li><li class=\"wpg-list-item\"><a class=\"wpg-list-item-title wpg-tooltip\" title=\"&lt;h3 class=&quot;wpg-tooltip-title&quot;&gt;&lt;span class=&quot;wpg-tooltip-term-title&quot;&gt;Logos&lt;\/span&gt;&lt;\/h3&gt;&lt;div class=&quot;wpg-tooltip-content&quot;&gt;&lt;p&gt;Pers\u00f6nliche Logos k\u00f6nnen im Menu-Punkt Stammdaten -&gt; Praxis festgelegt werden.&lt;\/p&gt;&lt;p class=&quot;wpg-read-more&quot;&gt;&lt;a href=&quot;https:\/\/www.slix.de\/lerntherapie\/glossary\/logos\/&quot;&gt;Weitere Info&lt;\/a&gt;&lt;\/p&gt;&lt;\/div&gt;\" href=\"https:\/\/www.slix.de\/lerntherapie\/glossary\/logos\/\" target=\"_blank\">Logos<\/a><\/li><\/ul><\/div><div class=\"wpg-list-block wpg-filter-m mix\" data-filter-base=\"m\"><h3 class=\"wpg-list-block-heading\">M<\/h3><ul class=\"wpg-list-items\"><li class=\"wpg-list-item\"><a class=\"wpg-list-item-title wpg-tooltip\" title=\"&lt;h3 class=&quot;wpg-tooltip-title&quot;&gt;&lt;span class=&quot;wpg-tooltip-term-title&quot;&gt;Mitarbeiter(innen)&lt;\/span&gt;&lt;\/h3&gt;&lt;div class=&quot;wpg-tooltip-content&quot;&gt;&lt;p&gt;Unter Stammdaten -&gt; Mitarbeiter(inn)en k\u00f6nnen Therapeut(inn)en, Assistenz und Leitung gepflegt werden.&lt;\/p&gt;&lt;p class=&quot;wpg-read-more&quot;&gt;&lt;a href=&quot;https:\/\/www.slix.de\/lerntherapie\/glossary\/mitarbeiterinnen\/&quot;&gt;Weitere Info&lt;\/a&gt;&lt;\/p&gt;&lt;\/div&gt;\" href=\"https:\/\/www.slix.de\/lerntherapie\/glossary\/mitarbeiterinnen\/\" target=\"_blank\">Mitarbeiter(innen)<\/a><\/li><\/ul><\/div><div class=\"wpg-list-block wpg-filter-p mix\" data-filter-base=\"p\"><h3 class=\"wpg-list-block-heading\">P<\/h3><ul class=\"wpg-list-items\"><li class=\"wpg-list-item\"><a class=\"wpg-list-item-title wpg-tooltip\" title=\"&lt;h3 class=&quot;wpg-tooltip-title&quot;&gt;&lt;span class=&quot;wpg-tooltip-term-title&quot;&gt;Praxis anlegen&lt;\/span&gt;&lt;\/h3&gt;&lt;div class=&quot;wpg-tooltip-content&quot;&gt;&lt;p&gt;Die Praxisdaten werden ben\u00f6tigt f\u00fcr die Erstellung von Dokumenten:&lt;\/p&gt;\n&lt;p&gt;Unter Stammdaten -&gt; Praxis k\u00f6nnen Sie Praxen und deren Stammdaten anlegen.&lt;\/p&gt;\n&lt;p class=&quot;wpg-read-more&quot;&gt;&lt;a href=&quot;https:\/\/www.slix.de\/lerntherapie\/glossary\/praxis-anlegen\/&quot;&gt;Weitere Info&lt;\/a&gt;&lt;\/p&gt;&lt;\/div&gt;\" href=\"https:\/\/www.slix.de\/lerntherapie\/glossary\/praxis-anlegen\/\" target=\"_blank\">Praxis anlegen<\/a><\/li><\/ul><\/div><div class=\"wpg-list-block wpg-filter-r mix\" data-filter-base=\"r\"><h3 class=\"wpg-list-block-heading\">R<\/h3><ul class=\"wpg-list-items\"><li class=\"wpg-list-item\"><a class=\"wpg-list-item-title wpg-tooltip\" title=\"&lt;h3 class=&quot;wpg-tooltip-title&quot;&gt;&lt;span class=&quot;wpg-tooltip-term-title&quot;&gt;Rechnungen&lt;\/span&gt;&lt;\/h3&gt;&lt;div class=&quot;wpg-tooltip-content&quot;&gt;&lt;ul&gt;\n&lt;li&gt;Rechnungen k\u00f6nnen als Gesamtrechnung und als Detailrechnung angezeigt werden.&lt;\/li&gt;\n&lt;li&gt;Nach Auswahl mehrerer Rechnungen erscheint ein weiterer Aktions-Button um die gesammelten Rechnungen als Zip-Datei oder als Gesamt-PDF zu laden.&lt;\/li&gt;\n&lt;\/ul&gt;\n&lt;p&gt;&nbsp;&lt;\/p&gt;\n&lt;p class=&quot;wpg-read-more&quot;&gt;&lt;a href=&quot;https:\/\/www.slix.de\/lerntherapie\/glossary\/rechnungen\/&quot;&gt;Weitere Info&lt;\/a&gt;&lt;\/p&gt;&lt;\/div&gt;\" href=\"https:\/\/www.slix.de\/lerntherapie\/glossary\/rechnungen\/\" target=\"_blank\">Rechnungen<\/a><\/li><li class=\"wpg-list-item\"><a class=\"wpg-list-item-title wpg-tooltip\" title=\"&lt;h3 class=&quot;wpg-tooltip-title&quot;&gt;&lt;span class=&quot;wpg-tooltip-term-title&quot;&gt;Registrierung abschlie\u00dfen&lt;\/span&gt;&lt;\/h3&gt;&lt;div class=&quot;wpg-tooltip-content&quot;&gt;&lt;p&gt;Link in Registrierungs-Email anklicken, Password \u00e4ndern, \u00c4nderung in neuer Email best\u00e4tigen.&lt;br \/&gt;\nAnschlie\u00dfend mit den Punkten unter &quot;Erste Schritte&quot; weitermachen.&lt;\/p&gt;\n&lt;p class=&quot;wpg-read-more&quot;&gt;&lt;a href=&quot;https:\/\/www.slix.de\/lerntherapie\/glossary\/registrierung-abschliessen\/&quot;&gt;Weitere Info&lt;\/a&gt;&lt;\/p&gt;&lt;\/div&gt;\" href=\"https:\/\/www.slix.de\/lerntherapie\/glossary\/registrierung-abschliessen\/\" target=\"_blank\">Registrierung abschlie\u00dfen<\/a><\/li><\/ul><\/div><\/div><div class=\"wpg-clearfix\"><\/div><\/div>[\/vc_column][\/vc_row][vc_row][vc_column][vc_column_text]\r\n\r\n<\/div>\r\n<\/div>\r\n<\/div>\r\n<\/div>\r\n[\/vc_column_text][\/vc_column][\/vc_row]<\/div>","protected":false},"excerpt":{"rendered":"<p>FAQ &#8211; Oft gestellte Fragen zur Nutzung von SLIM-X, der Software f\u00fcr Lerntherapeutische Praxen<\/p>\n","protected":false},"author":4,"featured_media":1102,"parent":0,"menu_order":0,"comment_status":"closed","ping_status":"closed","template":"pro\/page-templates\/full-width-page.php","meta":{"footnotes":""},"class_list":["post-679","page","type-page","status-publish","has-post-thumbnail","hentry"],"_links":{"self":[{"href":"https:\/\/www.slix.de\/lerntherapie\/wp-json\/wp\/v2\/pages\/679","targetHints":{"allow":["GET"]}}],"collection":[{"href":"https:\/\/www.slix.de\/lerntherapie\/wp-json\/wp\/v2\/pages"}],"about":[{"href":"https:\/\/www.slix.de\/lerntherapie\/wp-json\/wp\/v2\/types\/page"}],"author":[{"embeddable":true,"href":"https:\/\/www.slix.de\/lerntherapie\/wp-json\/wp\/v2\/users\/4"}],"replies":[{"embeddable":true,"href":"https:\/\/www.slix.de\/lerntherapie\/wp-json\/wp\/v2\/comments?post=679"}],"version-history":[{"count":74,"href":"https:\/\/www.slix.de\/lerntherapie\/wp-json\/wp\/v2\/pages\/679\/revisions"}],"predecessor-version":[{"id":1153,"href":"https:\/\/www.slix.de\/lerntherapie\/wp-json\/wp\/v2\/pages\/679\/revisions\/1153"}],"wp:featuredmedia":[{"embeddable":true,"href":"https:\/\/www.slix.de\/lerntherapie\/wp-json\/wp\/v2\/media\/1102"}],"wp:attachment":[{"href":"https:\/\/www.slix.de\/lerntherapie\/wp-json\/wp\/v2\/media?parent=679"}],"curies":[{"name":"wp","href":"https:\/\/api.w.org\/{rel}","templated":true}]}}