{"id":665,"date":"2023-07-20T00:09:21","date_gmt":"2023-07-19T22:09:21","guid":{"rendered":"https:\/\/www.slix.de\/lerntherapie\/?page_id=665"},"modified":"2023-12-05T20:47:23","modified_gmt":"2023-12-05T19:47:23","slug":"testzugang","status":"publish","type":"page","link":"https:\/\/www.slix.de\/lerntherapie\/testzugang\/","title":{"rendered":"Testzugang"},"content":{"rendered":"\n<p style=\"font-size:27px\"><strong>Registrierung f\u00fcr kostenfreien Testzugang SLIM-X, der Cloud-Software-L\u00f6sung f\u00fcr Lerntherapeutische Praxen<\/strong><\/p>\n\n\n\n<p>Registrieren Sie sich hier, und wir richten Ihnen innerhalb von wenigen Tagen einen eigenen kostenfreien Testzugang mit den von Ihnen \u00fcbermittelten Testdaten ein. Mit diesem Admin-Zugang k\u00f6nnen Sie dann selber Ihre Test-Mitarbeiter anlegen und diese mit eigenen Zug\u00e4ngen und unterschiedlichen Rechten am Test teilhaben lassen, um auch die Effekte unterschiedlicher Berechtigungen zu sehen. Die Daten, die Sie in SLIM-X eingeben, k\u00f6nnen nur Sie und Ihre Mitarbeiter sehen. Diese werden nach Abschluss der Tests r\u00fcckstandslos gel\u00f6scht und von uns nicht weiterverarbeitet. Weitere Infos erhalten Sie zusammen mit Ihren Zugangsdaten.<\/p>\n\n\n\n<div class=\"wp-block-contact-form-7-contact-form-selector\">\n<div class=\"wpcf7 no-js\" id=\"wpcf7-f664-o1\" lang=\"en-US\" dir=\"ltr\" data-wpcf7-id=\"664\">\n<div class=\"screen-reader-response\"><p role=\"status\" aria-live=\"polite\" aria-atomic=\"true\"><\/p> <ul><\/ul><\/div>\n<form action=\"\/lerntherapie\/wp-json\/wp\/v2\/pages\/665#wpcf7-f664-o1\" method=\"post\" class=\"wpcf7-form init\" aria-label=\"Contact form\" novalidate=\"novalidate\" data-status=\"init\">\n<fieldset class=\"hidden-fields-container\"><input type=\"hidden\" name=\"_wpcf7\" value=\"664\" \/><input type=\"hidden\" name=\"_wpcf7_version\" value=\"6.1.5\" \/><input type=\"hidden\" name=\"_wpcf7_locale\" value=\"en_US\" \/><input type=\"hidden\" name=\"_wpcf7_unit_tag\" value=\"wpcf7-f664-o1\" \/><input type=\"hidden\" name=\"_wpcf7_container_post\" value=\"0\" \/><input type=\"hidden\" name=\"_wpcf7_posted_data_hash\" value=\"\" \/><input type=\"hidden\" name=\"_wpcf7_recaptcha_response\" value=\"\" \/>\n<\/fieldset>\n<p><label> Admin-Nachname (erforderlich)<br \/>\n<span class=\"wpcf7-form-control-wrap\" data-name=\"adminnachname\"><input size=\"40\" maxlength=\"400\" class=\"wpcf7-form-control wpcf7-text wpcf7-validates-as-required\" aria-required=\"true\" aria-invalid=\"false\" value=\"\" type=\"text\" name=\"adminnachname\" \/><\/span> <\/label>\n<\/p>\n<p><label> Admin-Vorname (erforderlich)<br \/>\n<span class=\"wpcf7-form-control-wrap\" data-name=\"adminvorname\"><input size=\"40\" maxlength=\"400\" class=\"wpcf7-form-control wpcf7-text wpcf7-validates-as-required\" aria-required=\"true\" aria-invalid=\"false\" value=\"\" type=\"text\" name=\"adminvorname\" \/><\/span> <\/label>\n<\/p>\n<p><label> Admin-Email (erforderlich)<br \/>\n<span class=\"wpcf7-form-control-wrap\" data-name=\"adminmail\"><input size=\"40\" maxlength=\"400\" class=\"wpcf7-form-control wpcf7-email wpcf7-validates-as-required wpcf7-text wpcf7-validates-as-email\" aria-required=\"true\" aria-invalid=\"false\" value=\"\" type=\"email\" name=\"adminmail\" \/><\/span> <\/label>\n<\/p>\n<p><label> Admin-Telefon f\u00fcr R\u00fcckfragen (optional)<br \/>\n<span class=\"wpcf7-form-control-wrap\" data-name=\"adminphone\"><input size=\"40\" maxlength=\"400\" class=\"wpcf7-form-control wpcf7-tel wpcf7-text wpcf7-validates-as-tel\" aria-invalid=\"false\" value=\"\" type=\"tel\" name=\"adminphone\" \/><\/span> <\/label>\n<\/p>\n<p><label> Praxisname (erfoderlich)<br \/>\n<span class=\"wpcf7-form-control-wrap\" data-name=\"beschreibung\"><input size=\"40\" maxlength=\"400\" class=\"wpcf7-form-control wpcf7-text wpcf7-validates-as-required\" aria-required=\"true\" aria-invalid=\"false\" value=\"\" type=\"text\" name=\"beschreibung\" \/><\/span> <\/label>\n<\/p>\n<p><label> Anzahl Nutzer\/Praxisgr\u00f6\u00dfe (optional)<br \/>\n<span class=\"wpcf7-form-control-wrap\" data-name=\"praxisgroesse\"><input size=\"40\" maxlength=\"400\" class=\"wpcf7-form-control wpcf7-text\" aria-invalid=\"false\" value=\"\" type=\"text\" name=\"praxisgroesse\" \/><\/span> <\/label>\n<\/p>\n<p><label> Ihre Nachricht (optional)<br \/>\n<span class=\"wpcf7-form-control-wrap\" data-name=\"your-message\"><textarea cols=\"40\" rows=\"10\" maxlength=\"2000\" class=\"wpcf7-form-control wpcf7-textarea\" aria-invalid=\"false\" name=\"your-message\"><\/textarea><\/span> <\/label>\n<\/p>\n<p>DSGVO-Einverst\u00e4ndnis<br \/>\n<span class=\"wpcf7-form-control-wrap\" data-name=\"DSGVO\"><span class=\"wpcf7-form-control wpcf7-checkbox wpcf7-validates-as-required\"><span class=\"wpcf7-list-item first last\"><label><input type=\"checkbox\" name=\"DSGVO[]\" value=\"Ich willige ein, dass diese Website meine \u00fcbermittelten Informationen speichert, sodass meine Anfrage beantwortet werden kann. (erforderlich)\" \/><span class=\"wpcf7-list-item-label\">Ich willige ein, dass diese Website meine \u00fcbermittelten Informationen speichert, sodass meine Anfrage beantwortet werden kann. (erforderlich)<\/span><\/label><\/span><\/span><\/span>\n<\/p>\n<p>Newsletter<br \/>\n<span class=\"wpcf7-form-control-wrap\" data-name=\"Newsletter\"><span class=\"wpcf7-form-control wpcf7-checkbox\"><span class=\"wpcf7-list-item first last\"><label><input type=\"checkbox\" name=\"Newsletter[]\" value=\"Ich m\u00f6chte den SLIM-X Newsletter erhalten. (optional)\" \/><span class=\"wpcf7-list-item-label\">Ich m\u00f6chte den SLIM-X Newsletter erhalten. (optional)<\/span><\/label><\/span><\/span><\/span>\n<\/p>\n<p>Service-Desk<br \/>\n<span class=\"wpcf7-form-control-wrap\" data-name=\"Service-Desk\"><span class=\"wpcf7-form-control wpcf7-checkbox\"><span class=\"wpcf7-list-item first last\"><label><input type=\"checkbox\" name=\"Service-Desk[]\" value=\"Ich m\u00f6chte zuk\u00fcnftig auch einen Zugang zum Service-Desk erhalten, um Feedback zum Test geben zu k\u00f6nnen. (optional)\" \/><span class=\"wpcf7-list-item-label\">Ich m\u00f6chte zuk\u00fcnftig auch einen Zugang zum Service-Desk erhalten, um Feedback zum Test geben zu k\u00f6nnen. (optional)<\/span><\/label><\/span><\/span><\/span>\n<\/p>\n<p><input class=\"wpcf7-form-control wpcf7-submit has-spinner\" type=\"submit\" value=\"Senden\" \/>\n<\/p><div class=\"wpcf7-response-output\" aria-hidden=\"true\"><\/div>\n<\/form>\n<\/div>\n<\/div>\n","protected":false},"excerpt":{"rendered":"<p>Registrierung f\u00fcr kostenfreien Testzugang SLIM-X, der Cloud-Software-L\u00f6sung f\u00fcr Lerntherapeutische Praxen Registrieren Sie sich hier, und wir richten Ihnen innerhalb von wenigen Tagen einen eigenen kostenfreien Testzugang mit den von Ihnen \u00fcbermittelten Testdaten ein. Mit diesem Admin-Zugang k\u00f6nnen Sie dann selber Ihre Test-Mitarbeiter anlegen und diese mit eigenen Zug\u00e4ngen und unterschiedlichen Rechten am Test teilhaben lassen,&hellip; <br \/> <a class=\"read-more\" href=\"https:\/\/www.slix.de\/lerntherapie\/testzugang\/\">Weiterlesen<\/a><\/p>\n","protected":false},"author":4,"featured_media":693,"parent":0,"menu_order":0,"comment_status":"closed","ping_status":"closed","template":"","meta":{"footnotes":""},"class_list":["post-665","page","type-page","status-publish","has-post-thumbnail","hentry"],"_links":{"self":[{"href":"https:\/\/www.slix.de\/lerntherapie\/wp-json\/wp\/v2\/pages\/665","targetHints":{"allow":["GET"]}}],"collection":[{"href":"https:\/\/www.slix.de\/lerntherapie\/wp-json\/wp\/v2\/pages"}],"about":[{"href":"https:\/\/www.slix.de\/lerntherapie\/wp-json\/wp\/v2\/types\/page"}],"author":[{"embeddable":true,"href":"https:\/\/www.slix.de\/lerntherapie\/wp-json\/wp\/v2\/users\/4"}],"replies":[{"embeddable":true,"href":"https:\/\/www.slix.de\/lerntherapie\/wp-json\/wp\/v2\/comments?post=665"}],"version-history":[{"count":7,"href":"https:\/\/www.slix.de\/lerntherapie\/wp-json\/wp\/v2\/pages\/665\/revisions"}],"predecessor-version":[{"id":677,"href":"https:\/\/www.slix.de\/lerntherapie\/wp-json\/wp\/v2\/pages\/665\/revisions\/677"}],"wp:featuredmedia":[{"embeddable":true,"href":"https:\/\/www.slix.de\/lerntherapie\/wp-json\/wp\/v2\/media\/693"}],"wp:attachment":[{"href":"https:\/\/www.slix.de\/lerntherapie\/wp-json\/wp\/v2\/media?parent=665"}],"curies":[{"name":"wp","href":"https:\/\/api.w.org\/{rel}","templated":true}]}}