{"id":19,"date":"2018-02-26T08:51:24","date_gmt":"2018-02-26T07:51:24","guid":{"rendered":"http:\/\/10.44.205.152\/free-1\/mesmerize\/"},"modified":"2025-01-11T15:45:21","modified_gmt":"2025-01-11T14:45:21","slug":"mesmerize","status":"publish","type":"page","link":"https:\/\/www.slix.de\/lerntherapie\/","title":{"rendered":"SLIM-X Software f\u00fcr Lerntherapeutische Praxen"},"content":{"rendered":"<div  id=\"overlappable-4\" style=\"background-color: #ffffff; background-image: none;\" data-label=\"Overlappable\" data-id=\"overlappable-4\" data-export-id=\"overlappable-4\" data-category=\"overlappable\" class=\"overlappable-4 content-section content-section-spacing\" data-overlap=\"true\" wfd-id=\"122\">\n<div  class=\"gridContainer\" wfd-id=\"123\">\n<div  data-type=\"row\" class=\"row spaced-cols text-center\" wfd-id=\"124\">\n<div  class=\"col-xs-12 col-sm-4 col-padding col-md-3 \" wfd-id=\"131\">\n\n<a  data-cp-link=\"1\" href=\"#\"><i  class=\"fa icon shadow-large-black aligncenter color1 fa-cloud reverse round large\"> <\/i><\/a>\n<div  data-type=\"column\" class=\"\" wfd-id=\"132\">\n<h5  class=\"\">L\u00e4uft in der Cloud<\/h5>\n<p  class=\"\">Hochverf\u00fcgbar, mit allen Endger\u00e4ten verwendbar, Kostenvorteile durch Verzicht auf eigene Hardware und Software Infrastruktur<\/p>\n\n<\/div>\n<\/div>\n<div  class=\"col-xs-12 col-sm-4 col-padding col-md-3 \" wfd-id=\"129\">\n\n<i  class=\"fa icon shadow-large-black aligncenter color1 fa-cogs reverse round large\"> <\/i>\n<div  data-type=\"column\" class=\"\" wfd-id=\"130\">\n<h5  class=\"\">Datensicherheit<\/h5>\n<p  class=\"\">Backup, Verschl\u00fcsselung, Datenschutz, Hochverf\u00fcgbar<\/p>\n\n<\/div>\n<\/div>\n<div  class=\"col-xs-12 col-sm-4 col-padding col-md-3 \" wfd-id=\"127\">\n\n<i  class=\"fa icon fa-magic large shadow-large-black round aligncenter reverse color1\"> <\/i>\n<div  data-type=\"column\" class=\"\" wfd-id=\"128\">\n<h5  class=\"\">Einfach zu Bedienen<\/h5>\n<p  class=\"\">Einfaches geradliniges Design, kurze Wege, alles an einem Platz<\/p>\n\n<\/div>\n<\/div>\n<div  class=\"col-xs-12 col-sm-4 col-padding col-md-3 \" wfd-id=\"125\">\n\n<i  class=\"fa icon shadow-large-black aligncenter color1 fa-clock-o reverse round large\"> <\/i>\n<div  data-type=\"column\" class=\"\" wfd-id=\"126\">\n<h5  class=\"\">Zeitersparnis<\/h5>\n<p  class=\"\">Mit allen Endger\u00e4ten verwendbar, automatisierte Prozesse, Resultate werden mit wenigen Clicks erzielt<\/p>\n\n<\/div>\n<\/div>\n<\/div>\n<\/div>\n<\/div><div  data-label=\"Features\" data-id=\"features-13-card-bordered\" data-export-id=\"features-13-card-bordered\" data-category=\"features\" class=\"features-13 content-section content-section-spacing\" id=\"features-7\" style=\"background-color: #f5fafd;\" wfd-id=\"111\">\n<div  class=\"gridContainer\" wfd-id=\"112\">\n<div  class=\"row text-center\" wfd-id=\"120\">\n<div  class=\"section-title-col\" data-type=\"column\" wfd-id=\"121\">\n<h2  class=\"\">Einige Punkte die wirklich gut sind\u2026<\/h2>\n<p  class=\"lead\">Weitere Schwerpunkte in Planung sind Raumplanung und Dokumentenablage<\/p>\n\n<\/div>\n<\/div>\n<div  class=\"row spaced-cols content-center-sm\" data-type=\"row\" wfd-id=\"113\">\n<div  class=\"col-sm-4\" wfd-id=\"118\">\n<div  class=\"card bordered y-move\" data-type=\"column\" wfd-id=\"119\">\n\n<i  class=\"fa icon color1 fa-codepen reverse round large\"> <\/i>\n<h4  class=\"\">Verwaltung der Stammdaten<\/h4>\n<p  class=\"\">Die Stammdaten-Verwaltung unserer Software-L\u00f6sung SLIM-X ist die Basis aller anderen Aufgaben. Aus Stammdaten, Terminen und Leistungen k\u00f6nnen durch Automatisierung Rechnungen mit wenig Aufwand erstellt werden.<\/p>\n\n<\/div>\n<\/div>\n<div  class=\"col-sm-4\" wfd-id=\"116\">\n<div  class=\"card bordered y-move\" data-type=\"column\" wfd-id=\"117\">\n\n<i  class=\"fa icon color1 fa-file-text-o reverse round large\"> <\/i>\n<h4  class=\"\">Rechnungserstellung<\/h4>\n<p  class=\"\">Die Rechnungsstellung ist eine der Kernaufgaben unserer Software-L\u00f6sung SLIM-X. Durch Automatisierung aufwendiger manueller Schritte k\u00f6nnen diese jederzeit und mit wenigen Clicks aus den erbrachten Leistungsnachweisen generiert werden. Es wird jetzt auch E-Rechnung unterst\u00fctzt<\/p>\n<a  class=\"button small y-move color2\" href=\"https:\/\/www.slix.de\/lerntherapie\/rechnung-beispiel-auswahl\" target=\"_self\" data-cp-link=\"1\" rel=\"noopener\"> Beispielrechnung <\/a>\n\n<\/div>\n<\/div>\n<div  class=\"col-sm-4\" wfd-id=\"114\">\n<div  class=\"card bordered y-move\" data-type=\"column\" wfd-id=\"115\">\n\n<i  class=\"fa icon color1 fa-calendar reverse round large\"> <\/i>\n<h4  class=\"\">Terminplanung<\/h4>\n<p  class=\"\">Die Terminplanung ist eine weitere wichtige Kernaufgabe unserer Software-L\u00f6sung SLIM-X.\nAus den Terminen heraus werden die Leistungserfassungsb\u00f6gen generiert, als Basis f\u00fcr eine korrekte Abrechnung.<\/p>\n\n<\/div>\n<\/div>\n<\/div>\n<\/div>\n<\/div><div  data-label=\"About\" data-id=\"about-images-right-section\" data-export-id=\"about-images-right-section\" data-category=\"about\" class=\"about-images-right-section content-section content-section-spacing\" id=\"about-12\" style=\"background-color: #f5fafd;\" wfd-id=\"103\">\n<div  class=\"gridContainer\" wfd-id=\"104\">\n<div  class=\"row middle-sm text-center\" wfd-id=\"105\">\n<div  class=\"col-sm-5 content-left-sm\" data-type=\"column\" wfd-id=\"109\">\n<h5  class=\"\">Digitalisierung in der Lerntherapie<\/h5>\n<h2  class=\"\">Brauchen wir eine Digitalisierung?\n<span  style=\"font-family: Playfair Display, sans-serif; font-weight: bold; font-style: italic;\" href=\"#\" wfd-id=\"110\"> Verwaltung vereinfachen\u2026 <\/span>mehr Zeit f\u00fcr Therapie<\/h2>\n<a  class=\"button color1\" href=\"https:\/\/www.slix.de\/lerntherapie\/DreiTherapeutinnen\" target=\"_blank\" data-cp-link=\"1\" rel=\"noopener\"> Video zur Digitalisierung <\/a> <a  class=\"button blue\" href=\"https:\/\/www.slix.de\/lerntherapie\/Digitalisierung\" target=\"_blank\" data-cp-link=\"1\" rel=\"noopener\">Warum Digitalisierung<\/a>\n\n<\/div>\n<div  class=\"col-sm-7\" wfd-id=\"106\">\n<div  class=\"image-group-side-3-img\" wfd-id=\"107\">\n\n<img  decoding=\"async\" class=\"topimg shadow-large\" src=\"https:\/\/www.slix.de\/lerntherapie\/wp-content\/uploads\/sites\/2\/2021\/03\/72856909-af52-42db-b06f-5820f79fcd92.jpg\" title=\"72856909-af52-42db-b06f-5820f79fcd92\" alt=\"\"> <img  decoding=\"async\" class=\"rightimg shadow-large\" src=\"https:\/\/www.slix.de\/lerntherapie\/wp-content\/uploads\/sites\/2\/2018\/04\/cropped-portfolio-4.jpg\">\n<div  class=\"leftimg\" wfd-id=\"108\"><img  decoding=\"async\" class=\"shadow-large\" src=\"https:\/\/www.slix.de\/lerntherapie\/wp-content\/uploads\/sites\/2\/2021\/03\/Programm.jpeg\" title=\"Programm\" alt=\"\"><\/div>\n<\/div>\n<\/div>\n<\/div>\n<\/div>\n<\/div><div  data-label=\"Team\" data-id=\"team-5\" data-export-id=\"team-5\" data-category=\"team\" class=\"team-5 content-section content-section-spacing\" id=\"team-5\" style=\"background-color: #ffffff;\" wfd-id=\"77\">\n<div  class=\"gridContainer\" wfd-id=\"78\">\n<div  class=\"row text-center\" wfd-id=\"96\">\n<div  class=\"section-title-col\" data-type=\"column\" wfd-id=\"97\">\n<h2  class=\"\">Wer wir sind<\/h2>\n<p  class=\"lead\">Wir beraten Sie bei der Digitalisierung Ihrer Organisation. Wir haben Erfahrungen mit Cloud-L\u00f6sungen und moderner Software-Entwicklung. Die Bereitstellung einer schlanken L\u00f6sung f\u00fcr Lerntherapeutische Praxen ist uns ein pers\u00f6nliches Anliegen.<\/p>\n\n<\/div>\n<\/div>\n<div  class=\"row spaced-cols content-center-sm\" data-type=\"row\" wfd-id=\"79\">\n<div  class=\"col-xs-12 col-sm-6 col-padding col-md-4 \" wfd-id=\"92\">\n<div  class=\"row \" wfd-id=\"93\">\n<div  data-type=\"column\" class=\"col-xs-12 col-sm-12\" wfd-id=\"94\">\n<h4  class=\"end font-500\">Gunther Thielemann<\/h4>\n<p  class=\"italic\">Konzeptionierung und Entwicklung SLIM-X<\/p>\n<p  class=\"\">Gunther ist Kopf und Herz von SLIM-X, au\u00dferdem entwickelt er das Back-End<\/p>\n\n<div  class=\"social-icons-group\" data-type=\"group\" wfd-id=\"95\"><a  href=\"#\" target=\"_self\" data-reiki-hidden=\"true\" rel=\"noopener\"><i  class=\"gray fa icon fa-facebook-square\"><\/i><\/a> <a  href=\"#\" target=\"_self\" data-reiki-hidden=\"true\" rel=\"noopener\"><i  class=\"gray fa icon fa-twitter-square\"><\/i><\/a> <a  href=\"#\" target=\"_self\" data-reiki-hidden=\"true\" rel=\"noopener\"><i  class=\"gray fa icon fa-linkedin-square\"><\/i><\/a> <a  href=\"https:\/\/www.slix.de\/lerntherapie\/;\" data-enc-email=\"yreagurencvr[at]fyvk.qrr\" target=\"_self\" rel=\"noopener\" class=\"mail-link\" data-wpel-link=\"ignore\"><i  class=\"gray fa icon fa-envelope\"><\/i><\/a><\/div>\n<\/div>\n<\/div>\n<\/div>\n<div  class=\"col-xs-12 col-sm-6 col-padding col-md-4 \" wfd-id=\"84\">\n<div  class=\"row \" wfd-id=\"85\">\n<div  data-type=\"column\" class=\"col-xs-12 col-sm-12\" wfd-id=\"86\">\n<h4  class=\"end font-500\">Thorsten Wussow<\/h4>\n<p  class=\"italic\">Automatisierung Installation in der Cloud und Security<\/p>\n<p  class=\"\">Thorsten sorgt daf\u00fcr, dass neue Kunden Ihre Installation auf Knopfdruck in der Cloud angelegt bekommen<\/p>\n\n<div  class=\"social-icons-group\" data-type=\"group\" wfd-id=\"87\"><a  href=\"#\" target=\"_self\" data-reiki-hidden=\"true\" rel=\"noopener\"><i  class=\"gray fa icon fa-facebook-square\"><\/i><\/a> <a  href=\"#\" target=\"_self\" data-reiki-hidden=\"true\" rel=\"noopener\"><i  class=\"gray fa icon fa-twitter-square\"><\/i><\/a> <a  href=\"#\" target=\"_self\" data-reiki-hidden=\"true\" rel=\"noopener\"><i  class=\"gray fa icon fa-linkedin-square\"><\/i><\/a> <a  href=\"https:\/\/www.slix.de\/lerntherapie\/;\" data-enc-email=\"yreagurencvr[at]fyvk.qr\" target=\"_self\" rel=\"noopener\" class=\"mail-link\" data-wpel-link=\"ignore\"><i  class=\"gray fa icon fa-envelope\"><\/i><\/a><\/div>\n<\/div>\n<\/div>\n<\/div>\n<div  class=\"col-xs-12 col-sm-6 col-padding col-md-4 \" wfd-id=\"80\">\n<div  class=\"row \" wfd-id=\"81\">\n<div  data-type=\"column\" class=\"col-xs-12 col-sm-12\" wfd-id=\"82\">\n<h4  class=\"end font-500\">Momchil Mitev<\/h4>\n<p  class=\"italic\">Entwicklung Front-End SLIM-X<\/p>\n<p  class=\"\">Momchil entwickelt den Teil von SLIM-X, den Sie sehen k\u00f6nnen.<\/p>\n\n<div  class=\"social-icons-group\" data-type=\"group\" wfd-id=\"83\"><a  href=\"#\" target=\"_self\" data-reiki-hidden=\"true\" rel=\"noopener\"><i  class=\"gray fa icon fa-facebook-square\"><\/i><\/a> <a  href=\"#\" target=\"_self\" data-reiki-hidden=\"true\" rel=\"noopener\"><i  class=\"gray fa icon fa-twitter-square\"><\/i><\/a> <a  href=\"#\" target=\"_self\" data-reiki-hidden=\"true\" rel=\"noopener\"><i  class=\"gray fa icon fa-linkedin-square\"><\/i><\/a> <a  href=\"https:\/\/www.slix.de\/lerntherapie\/;\" data-enc-email=\"yreagurencvr[at]fyvk.qr\" target=\"_self\" rel=\"noopener\" class=\"mail-link\" data-wpel-link=\"ignore\"><i  class=\"gray fa icon fa-envelope\"><\/i><\/a><\/div>\n<\/div>\n<\/div>\n<\/div>\n<\/div>\n<\/div>\n<\/div><div  data-label=\"Latest-news\" data-id=\"blog-section\" data-export-id=\"blog-section\" data-category=\"latest_news\" class=\"blog-section content-section content-section-spacing\" id=\"latest-news-1\" style=\"background-color: #f5fafd;\" wfd-id=\"64\">\n<div  class=\"gridContainer\" wfd-id=\"65\">\n<div  class=\"row\" wfd-id=\"75\">\n<div  data-type=\"column\" class=\"section-title-col\" wfd-id=\"76\">\n<h2  class=\"\">Neuigkeiten<\/h2>\n<\/div>\n<\/div>\n<div  class=\"row\" wfd-id=\"68\">\n<div  data-type=\"row\" data-dynamic-columns=\"handled\" data-content-shortcode=\"mesmerize_latest_news columns=&quot;6&quot; \" wfd-id=\"69\">\t\t<div class=\"row center-sm content-left-sm\">\n\t\t\t\t\t<div id=\"post-1345\" class=\"col-sm-6 col-md-6 space-bottom space-bottom-xs\">\n\t\t\t\t<div class=\"post-content card y-move bordered\">\n\t\t\t\t\t<div class=\"post-thumbnail\">\n   <a href=\"https:\/\/www.slix.de\/lerntherapie\/slim-x-demo-zu-e-rechnung-und-neuen-funktionen-auf-fil-online\/\" class=\"post-list-item-thumb \">\n      <img loading=\"lazy\" decoding=\"async\" width=\"1024\" height=\"585\" src=\"https:\/\/www.slix.de\/lerntherapie\/wp-content\/uploads\/sites\/2\/2025\/01\/Demo-Fil-2025-1024x585.png\" class=\"attachment-post-thumbnail size-post-thumbnail wp-post-image\" alt=\"\" srcset=\"https:\/\/www.slix.de\/lerntherapie\/wp-content\/uploads\/sites\/2\/2025\/01\/Demo-Fil-2025-1024x585.png 1024w, https:\/\/www.slix.de\/lerntherapie\/wp-content\/uploads\/sites\/2\/2025\/01\/Demo-Fil-2025-300x171.png 300w, https:\/\/www.slix.de\/lerntherapie\/wp-content\/uploads\/sites\/2\/2025\/01\/Demo-Fil-2025-768x439.png 768w, https:\/\/www.slix.de\/lerntherapie\/wp-content\/uploads\/sites\/2\/2025\/01\/Demo-Fil-2025-1536x878.png 1536w, https:\/\/www.slix.de\/lerntherapie\/wp-content\/uploads\/sites\/2\/2025\/01\/Demo-Fil-2025.png 1792w\" sizes=\"auto, (max-width: 1024px) 100vw, 1024px\" \/>   <\/a>\n<\/div>\n\t\t\t\t\t<div class=\"col-padding col-padding-xs\">\n\t\t\t\t\t\t<h3 class=\"post-title space-bottom-small\">\n\t\t\t\t\t\t\t<a href=\"https:\/\/www.slix.de\/lerntherapie\/slim-x-demo-zu-e-rechnung-und-neuen-funktionen-auf-fil-online\/\" rel=\"bookmark\">\n\t\t\t\t\t\t\t\tSLIM-X Demo zu E-Rechnung und neuen Funktionen auf FIL-Online\t\t\t\t\t\t\t<\/a>\n\t\t\t\t\t\t<\/h3>\n\t\t\t\t\t\t<p>Die SLIX GmbH f\u00fchrt am 16.01.2025 von 9:30 bis 10:45 Uhr im Rahmen von FIL-Online Beruf, organisiert vom Fachverband f\u00fcr Lerntherapeut(inn)en, eine Online-Demo durch.<\/p>\n\t\t\t\t\t\t<a class=\"read-more link\" href=\"https:\/\/www.slix.de\/lerntherapie\/slim-x-demo-zu-e-rechnung-und-neuen-funktionen-auf-fil-online\/\">\n\t\t\t\t\t\t\tRead more\t\t\t\t\t\t<\/a>\n\t\t\t\t\t<\/div>\n\t\t\t\t<\/div>\n\t\t\t<\/div>\n\t\t\t\t\t\t<div id=\"post-1340\" class=\"col-sm-6 col-md-6 space-bottom space-bottom-xs\">\n\t\t\t\t<div class=\"post-content card y-move bordered\">\n\t\t\t\t\t<div class=\"post-thumbnail\">\n   <a href=\"https:\/\/www.slix.de\/lerntherapie\/ihre-meinung-zaehlt-umfrage-zu-software-im-arbeitsalltag\/\" class=\"post-list-item-thumb \">\n      <img loading=\"lazy\" decoding=\"async\" width=\"1024\" height=\"585\" src=\"https:\/\/www.slix.de\/lerntherapie\/wp-content\/uploads\/sites\/2\/2025\/01\/Bild-Umfrage-SLIM-X-1024x585.png\" class=\"attachment-post-thumbnail size-post-thumbnail wp-post-image\" alt=\"\" srcset=\"https:\/\/www.slix.de\/lerntherapie\/wp-content\/uploads\/sites\/2\/2025\/01\/Bild-Umfrage-SLIM-X-1024x585.png 1024w, https:\/\/www.slix.de\/lerntherapie\/wp-content\/uploads\/sites\/2\/2025\/01\/Bild-Umfrage-SLIM-X-300x171.png 300w, https:\/\/www.slix.de\/lerntherapie\/wp-content\/uploads\/sites\/2\/2025\/01\/Bild-Umfrage-SLIM-X-768x439.png 768w, https:\/\/www.slix.de\/lerntherapie\/wp-content\/uploads\/sites\/2\/2025\/01\/Bild-Umfrage-SLIM-X-1536x878.png 1536w, https:\/\/www.slix.de\/lerntherapie\/wp-content\/uploads\/sites\/2\/2025\/01\/Bild-Umfrage-SLIM-X.png 1792w\" sizes=\"auto, (max-width: 1024px) 100vw, 1024px\" \/>   <\/a>\n<\/div>\n\t\t\t\t\t<div class=\"col-padding col-padding-xs\">\n\t\t\t\t\t\t<h3 class=\"post-title space-bottom-small\">\n\t\t\t\t\t\t\t<a href=\"https:\/\/www.slix.de\/lerntherapie\/ihre-meinung-zaehlt-umfrage-zu-software-im-arbeitsalltag\/\" rel=\"bookmark\">\n\t\t\t\t\t\t\t\tIhre Meinung z\u00e4hlt: Umfrage zu Software im Arbeitsalltag\t\t\t\t\t\t\t<\/a>\n\t\t\t\t\t\t<\/h3>\n\t\t\t\t\t\t\t\t\t\t\t\t<a class=\"read-more link\" href=\"https:\/\/www.slix.de\/lerntherapie\/ihre-meinung-zaehlt-umfrage-zu-software-im-arbeitsalltag\/\">\n\t\t\t\t\t\t\tRead more\t\t\t\t\t\t<\/a>\n\t\t\t\t\t<\/div>\n\t\t\t\t<\/div>\n\t\t\t<\/div>\n\t\t\t\t<\/div>\n\t<\/div>\n<\/div>\n<div  class=\"row\" wfd-id=\"66\">\n<div  class=\"text-center\" wfd-id=\"67\"><a  class=\"button color1\" data-attr-shortcode=\"href:mesmerize_blog_link\" href=\"https:\/\/www.slix.de\/lerntherapie\/blog\/\" target=\"_self\" rel=\"noopener\">SEE ALL BLOG POSTS<\/a><\/div>\n<\/div>\n<\/div>\n<\/div><div  data-label=\"Kontakt\" data-id=\"contact--1\" data-export-id=\"contact-1\" data-category=\"contact\" class=\"contact-1 content-section content-section-spacing white-text\" data-parallax-depth=\"20\" id=\"kontakt\" style=\"background-size: cover; background-position: center top; background-image: none; background-color: rgba(255, 255, 255, 0);\" wfd-id=\"23\">\n<div  class=\"gridContainer\" wfd-id=\"24\">\n<div  class=\"row text-center\" wfd-id=\"62\">\n<div  class=\"section-title-col\" data-type=\"column\" wfd-id=\"63\">\n<h2  class=\"\">Kontakt<\/h2>\n<\/div>\n<\/div>\n<div  class=\"row text-center\" wfd-id=\"25\">\n<div  class=\"col-xs-12 col-sm-8 col-sm-offset-2 contact-form-wrapper inline-info\" wfd-id=\"26\">\n<div  class=\"card large-padding\" wfd-id=\"27\">\n<div  class=\"\" data-content-shortcode=\"mesmerize_contact_form shortcode=&quot;wpforms id=&amp;amp;quot;432&amp;amp;quot;&quot;\" data-editable=\"true\" wfd-id=\"28\"><div class=\"wpforms-container wpforms-container-full\" id=\"wpforms-432\"><form id=\"wpforms-form-432\" class=\"wpforms-validate wpforms-form\" data-formid=\"432\" method=\"post\" enctype=\"multipart\/form-data\" action=\"\/lerntherapie\/wp-json\/wp\/v2\/pages\/19\" data-token=\"c576f429f314c15c87db5856452fadbf\" data-token-time=\"1776779924\"><noscript class=\"wpforms-error-noscript\">Bitte aktiviere JavaScript in deinem Browser, um dieses Formular fertigzustellen.<\/noscript><div class=\"wpforms-field-container\"><div id=\"wpforms-432-field_0-container\" class=\"wpforms-field wpforms-field-name\" data-field-id=\"0\"><label class=\"wpforms-field-label\">Name <span class=\"wpforms-required-label\">*<\/span><\/label><div class=\"wpforms-field-row wpforms-field-medium\"><div class=\"wpforms-field-row-block wpforms-first wpforms-one-half\"><input type=\"text\" id=\"wpforms-432-field_0\" class=\"wpforms-field-name-first wpforms-field-required\" name=\"wpforms[fields][0][first]\" required><label for=\"wpforms-432-field_0\" class=\"wpforms-field-sublabel after\">Vorname<\/label><\/div><div class=\"wpforms-field-row-block wpforms-one-half\"><input type=\"text\" id=\"wpforms-432-field_0-last\" class=\"wpforms-field-name-last wpforms-field-required\" name=\"wpforms[fields][0][last]\" required><label for=\"wpforms-432-field_0-last\" class=\"wpforms-field-sublabel after\">Nachname<\/label><\/div><\/div><\/div><div id=\"wpforms-432-field_1-container\" class=\"wpforms-field wpforms-field-email\" data-field-id=\"1\"><label class=\"wpforms-field-label\" for=\"wpforms-432-field_1\">E-Mail <span class=\"wpforms-required-label\">*<\/span><\/label><input type=\"email\" id=\"wpforms-432-field_1\" class=\"wpforms-field-medium wpforms-field-required\" name=\"wpforms[fields][1]\" spellcheck=\"false\" required><\/div><div id=\"wpforms-432-field_2-container\" class=\"wpforms-field wpforms-field-textarea\" data-field-id=\"2\"><label class=\"wpforms-field-label\" for=\"wpforms-432-field_2\">Nachricht<\/label><textarea id=\"wpforms-432-field_2\" class=\"wpforms-field-medium\" name=\"wpforms[fields][2]\" ><\/textarea><\/div><div id=\"wpforms-432-field_3-container\" class=\"wpforms-field wpforms-field-gdpr-checkbox\" data-field-id=\"3\"><label class=\"wpforms-field-label\">DSGVO-Einverst\u00e4ndnis <span class=\"wpforms-required-label\">*<\/span><\/label><ul id=\"wpforms-432-field_3\" class=\"wpforms-field-required\"><li class=\"choice-1\"><input type=\"checkbox\" id=\"wpforms-432-field_3_1\" name=\"wpforms[fields][3][]\" value=\"Ich willige ein, dass diese Website meine \u00fcbermittelten Informationen speichert, sodass meine Anfrage beantwortet werden kann.\" required ><label class=\"wpforms-field-label-inline\" for=\"wpforms-432-field_3_1\">Ich willige ein, dass diese Website meine \u00fcbermittelten Informationen speichert, sodass meine Anfrage beantwortet werden kann.<\/label><\/li><\/ul><\/div><div id=\"wpforms-432-field_4-container\" class=\"wpforms-field wpforms-field-mailchimp\" data-field-id=\"4\"><ul id=\"\" class=\"\"><li class=\"choice-0 depth-1\"><input type=\"checkbox\" id=\"wpforms-432-field_4_0\" name=\"wpforms[fields][4]\" value=\"1\"  ><label class=\"wpforms-field-label-inline\" for=\"wpforms-432-field_4_0\">Optional: Ich m\u00f6chte den SLIM-X Newsletter erhalten.<\/label><\/li><\/ul><\/div><\/div><!-- .wpforms-field-container --><div class=\"wpforms-submit-container\" ><input type=\"hidden\" name=\"wpforms[id]\" value=\"432\"><input type=\"hidden\" name=\"page_title\" value=\"\"><input type=\"hidden\" name=\"page_url\" value=\"https:\/\/www.slix.de\/lerntherapie\/wp-json\/wp\/v2\/pages\/19\"><input type=\"hidden\" name=\"url_referer\" value=\"\"><button type=\"submit\" name=\"wpforms[submit]\" id=\"wpforms-submit-432\" class=\"wpforms-submit\" data-alt-text=\"Senden...\" data-submit-text=\"Absenden\" aria-live=\"assertive\" value=\"wpforms-submit\">Absenden<\/button><\/div><\/form><\/div>  <!-- .wpforms-container --><\/div>\n<\/div>\n<\/div>\n<\/div>\n<\/div>\n<\/div>","protected":false},"excerpt":{"rendered":"<p>L\u00e4uft in der Cloud Hochverf\u00fcgbar, mit allen Endger\u00e4ten verwendbar, Kostenvorteile durch Verzicht auf eigene Hardware und Software Infrastruktur Datensicherheit Backup, Verschl\u00fcsselung, Datenschutz, Hochverf\u00fcgbar Einfach zu Bedienen Einfaches geradliniges Design, kurze Wege, alles an einem Platz Zeitersparnis Mit allen Endger\u00e4ten verwendbar, automatisierte Prozesse, Resultate werden mit wenigen Clicks erzielt Einige Punkte die wirklich gut sind\u2026 Weitere&hellip; <br \/> <a class=\"read-more\" href=\"https:\/\/www.slix.de\/lerntherapie\/ihre-meinung-zaehlt-umfrage-zu-software-im-arbeitsalltag\/\">Weiterlesen<\/a><\/p>\n","protected":false},"author":4,"featured_media":486,"parent":0,"menu_order":0,"comment_status":"closed","ping_status":"closed","template":"page-templates\/homepage.php","meta":{"footnotes":""},"class_list":["post-19","page","type-page","status-publish","has-post-thumbnail","hentry"],"_links":{"self":[{"href":"https:\/\/www.slix.de\/lerntherapie\/wp-json\/wp\/v2\/pages\/19","targetHints":{"allow":["GET"]}}],"collection":[{"href":"https:\/\/www.slix.de\/lerntherapie\/wp-json\/wp\/v2\/pages"}],"about":[{"href":"https:\/\/www.slix.de\/lerntherapie\/wp-json\/wp\/v2\/types\/page"}],"author":[{"embeddable":true,"href":"https:\/\/www.slix.de\/lerntherapie\/wp-json\/wp\/v2\/users\/4"}],"replies":[{"embeddable":true,"href":"https:\/\/www.slix.de\/lerntherapie\/wp-json\/wp\/v2\/comments?post=19"}],"version-history":[{"count":67,"href":"https:\/\/www.slix.de\/lerntherapie\/wp-json\/wp\/v2\/pages\/19\/revisions"}],"predecessor-version":[{"id":1357,"href":"https:\/\/www.slix.de\/lerntherapie\/wp-json\/wp\/v2\/pages\/19\/revisions\/1357"}],"wp:featuredmedia":[{"embeddable":true,"href":"https:\/\/www.slix.de\/lerntherapie\/wp-json\/wp\/v2\/media\/486"}],"wp:attachment":[{"href":"https:\/\/www.slix.de\/lerntherapie\/wp-json\/wp\/v2\/media?parent=19"}],"curies":[{"name":"wp","href":"https:\/\/api.w.org\/{rel}","templated":true}]}}