{"id":1157,"date":"2024-01-23T20:25:51","date_gmt":"2024-01-23T19:25:51","guid":{"rendered":"https:\/\/www.slix.de\/lerntherapie\/?page_id=1157"},"modified":"2024-02-29T17:40:38","modified_gmt":"2024-02-29T16:40:38","slug":"downloads","status":"publish","type":"page","link":"https:\/\/www.slix.de\/lerntherapie\/downloads\/","title":{"rendered":"Downloads"},"content":{"rendered":"<div class=\"wpb-content-wrapper\"><p>[vc_row][vc_column][vc_column_text]<\/p>\n<hr \/>\n<h3>SLIM-X Links<\/h3>\n<p>Hier finden Sie die aktuellen Dokumente f\u00fcr Ihre Vertragsbeziehung \u00fcber SLIM-X mit der SLIX GmbH.[\/vc_column_text][\/vc_column][\/vc_row][vc_row][vc_column css=&#8220;.vc_custom_1706180728872{margin-bottom: 20pt !important;}&#8220;][vc_creativelink text=&#8220;AGB f\u00fcr SLIM-X (inklusive Widerrufsrecht)&#8220; url=&#8220;url:https%3A%2F%2Fwww.slix.de%2Flerntherapie%2FAGB|target:_blank&#8220;][vc_creativelink text=&#8220;Vereinbarung zur Auftragsverarbeitung mittels SLIM-X&#8220; url=&#8220;url:https%3A%2F%2Fwww.slix.de%2Flerntherapie%2FAuftragsverarbeitung|target:_blank&#8220;][vc_creativelink text=&#8220;Widerrufsbelehrung&#8220; url=&#8220;url:https%3A%2F%2Fwww.slix.de%2Flerntherapie%2FWiderrufsbelehrung|target:_blank&#8220;][vc_creativelink text=&#8220;Widerruf&#8220; url=&#8220;url:https%3A%2F%2Fwww.slix.de%2Flerntherapie%2Fwp-content%2Fuploads%2Fsites%2F2%2F2024%2F01%2FWIDERRUF-SLIM-X.pdf|target:_blank&#8220;][vc_creativelink text=&#8220;K\u00fcndigung&#8220; url=&#8220;url:https%3A%2F%2Fwww.slix.de%2Flerntherapie%2Fwp-content%2Fuploads%2Fsites%2F2%2F2024%2F01%2FKuendigung-SLIM-X.pdf|target:_blank&#8220;][\/vc_column][\/vc_row][vc_row][vc_column][vc_separator border_width=&#8220;5&#8243;][\/vc_column][\/vc_row][vc_row][vc_column][vc_column_text]<\/p>\n<h3>Oracle Links<\/h3>\n<p>Die SLIX GmbH hat mit der Oracle Corporation einen Hosting-Vertrag abgeschlossen und als Sub-Unternehmer mit der Auftragsverarbeitung beauftragt, f\u00fcr die personenbezogenen Daten, die Sie SLIM-X anvertrauen und f\u00fcr die Sie gegen\u00fcber Ihren Klienten die Verantwortung tragen. Eines Ihrer Rechte ist daher die M\u00f6glichkeit zur Kontrolle der Datenschutzma\u00dfnahmen des Subauftragsnehmers, der Firma Oracle Corporation. Anbei finden Sie die daf\u00fcr relevanten Links und Dokumente.[\/vc_column_text][\/vc_column][\/vc_row][vc_row][vc_column css=&#8220;.vc_custom_1706185312894{margin-bottom: 20px !important;}&#8220;][vc_column_text]<\/p>\n<h4>European Union Sovereign Cloud<\/h4>\n<p>Die ersten beiden Dokumente sind die rechtsverbindlichen Vertr\u00e4ge zur Nutzung von SLIM-X in der Oracle Sovereign Cloud.[\/vc_column_text][vc_creativelink text=&#8220;Data Processing Agreement for Oracle European Union Sovereign Cloud&#8220; url=&#8220;url:https%3A%2F%2Fwww.oracle.com%2Fcontracts%2Fdocs%2Foracle_data_processing_agreement_for_oracle_european_union_sovereign_cloud_v073123.pdf%3Fdownload%3Dfalse|target:_blank&#8220;][vc_creativelink text=&#8220;ORACLE CLOUD SERVICES-VERTRAG&#8220; url=&#8220;url:https%3A%2F%2Fwww.oracle.com%2Fcontracts%2Fdocs%2Fcloud_csa_online_v062223_de_deu.pdf%3Fdownload%3Dfalse|target:_blank&#8220;][vc_creativelink text=&#8220;Weitere rechtliche Infos zur Oracle Cloud&#8220; url=&#8220;url:https%3A%2F%2Fwww.oracle.com%2Fcontracts%2Fcloud-services%2F|target:_blank&#8220;][vc_creativelink text=&#8220;Allgemeine Infos zur Oracle EU Sovereign Cloud&#8220; url=&#8220;url:https%3A%2F%2Fwww.oracle.com%2Fde%2Fcloud%2Feu-sovereign-cloud%2F|target:_blank&#8220;][vc_creativelink text=&#8220;Pressemitteilung zur Oracle EU Sovereign Cloud&#8220; url=&#8220;url:https%3A%2F%2Fwww.oracle.com%2Fde%2Fnews%2Fannouncement%2Foracle-addresses-european-data-privacy-and-sovereignty-requirements-with-new-eu-sovereign-cloud-2023-06-20%2F|target:_blank&#8220;][vc_creativelink text=&#8220;Rahmenvertrag: EU-Kommission nimmt Oracle f\u00fcr Cloud-Dienste an Bord&#8220; url=&#8220;url:https%3A%2F%2Fwww.heise.de%2Fnews%2FRahmenvertrag-EU-Kommission-nimmt-Oracle-fuer-Cloud-Dienste-an-Bord-9349807.html|target:_blank&#8220;][vc_column_text css=&#8220;.vc_custom_1706181336947{margin-top: 50px !important;}&#8220;]<\/p>\n<h4>Datenschutz\/DSGVO\/Auftragsverarbeitung<\/h4>\n<p>[\/vc_column_text][vc_creativelink text=&#8220;Oracle Datenschutzkodex f\u00fcr die Verarbeitung personenbezogener Daten von Kunden&#8220; url=&#8220;url:https%3A%2F%2Fwww.oracle.com%2Fa%2Focom%2Fdocs%2Fcorporate%2Fbcr-privacy-code-051719.pdf|target:_blank&#8220;][vc_creativelink text=&#8220;Oracle Datenschutzpolitik&#8220; url=&#8220;url:https%3A%2F%2Fwww.oracle.com%2Flegal%2Fprivacy%2Fprivacy-policy.html|target:_blank&#8220;][vc_column_text css=&#8220;.vc_custom_1706203869491{margin-top: 50px !important;}&#8220;]<\/p>\n<h4>Oracle Sicherheitsarchitektur<\/h4>\n<p>[\/vc_column_text][vc_creativelink text=&#8220;Unternehmensweite Sicherheitsverfahren bei Oracle&#8220; url=&#8220;url:https%3A%2F%2Fwww.oracle.com%2Fde%2Fcorporate%2Fsecurity-practices%2F|target:_blank&#8220;][vc_creativelink text=&#8220;Oracle Security-First-Ansatz&#8220; url=&#8220;url:https%3A%2F%2Fwww.oracle.com%2Fde%2Fsecurity%2F%23corporate-security-and-privacy-practices|target:_blank&#8220;][vc_column_text css=&#8220;.vc_custom_1706204367696{margin-top: 50px !important;}&#8220;]<\/p>\n<h4>Oracle Sicherheits Zertifizierungen<\/h4>\n<p>[\/vc_column_text][vc_creativelink text=&#8220;Oracle Security Compliance (look at OCI &#8211; Oracle Cloud Infrastructure)&#8220; url=&#8220;url:https%3A%2F%2Fwww.oracle.com%2Fde%2Fcorporate%2Fcloud-compliance%2F|target:_blank&#8220;][\/vc_column][\/vc_row][vc_row][vc_column][vc_separator border_width=&#8220;5&#8243;][\/vc_column][\/vc_row][vc_row][vc_column][vc_column_text]<\/p>\n<h3>Gesetzestexte<\/h3>\n<p>Hier finden Sie die Europ\u00e4ischen und Deutschen Gesetzestexte zum Datenschutz.[\/vc_column_text][vc_creativelink text=&#8220;Datenschutzgrundverordnung (DSGVO)&#8220; url=&#8220;url:https%3A%2F%2Fdejure.org%2Fgesetze%2FDSGVO|target:_blank&#8220;][vc_creativelink text=&#8220;Datenschutzgrundverordnung des Europ\u00e4ischen Rates&#8220; url=&#8220;url:https%3A%2F%2Feur-lex.europa.eu%2Feli%2Freg%2F2016%2F679%2F2016-05-04|target:_blank&#8220;][vc_creativelink text=&#8220;Muster f\u00fcr die Widerrufsbelehrung (gesetzliche Vorgabe)&#8220; url=&#8220;url:https%3A%2F%2Fwww.gesetze-im-internet.de%2Fbgbeg%2Fart_253anlage_1.html|target:_blank&#8220;][\/vc_column][\/vc_row]<\/p>\n<\/div>","protected":false},"excerpt":{"rendered":"<p>[vc_row][vc_column][vc_column_text] SLIM-X Links Hier finden Sie die aktuellen Dokumente f\u00fcr Ihre Vertragsbeziehung \u00fcber SLIM-X mit der SLIX GmbH.[\/vc_column_text][\/vc_column][\/vc_row][vc_row][vc_column css=&#8220;.vc_custom_1706180728872{margin-bottom: 20pt !important;}&#8220;][vc_creativelink text=&#8220;AGB f\u00fcr SLIM-X (inklusive Widerrufsrecht)&#8220; url=&#8220;url:https%3A%2F%2Fwww.slix.de%2Flerntherapie%2FAGB|target:_blank&#8220;][vc_creativelink text=&#8220;Vereinbarung zur Auftragsverarbeitung mittels SLIM-X&#8220; url=&#8220;url:https%3A%2F%2Fwww.slix.de%2Flerntherapie%2FAuftragsverarbeitung|target:_blank&#8220;][vc_creativelink text=&#8220;Widerrufsbelehrung&#8220; url=&#8220;url:https%3A%2F%2Fwww.slix.de%2Flerntherapie%2FWiderrufsbelehrung|target:_blank&#8220;][vc_creativelink text=&#8220;Widerruf&#8220; url=&#8220;url:https%3A%2F%2Fwww.slix.de%2Flerntherapie%2Fwp-content%2Fuploads%2Fsites%2F2%2F2024%2F01%2FWIDERRUF-SLIM-X.pdf|target:_blank&#8220;][vc_creativelink text=&#8220;K\u00fcndigung&#8220; url=&#8220;url:https%3A%2F%2Fwww.slix.de%2Flerntherapie%2Fwp-content%2Fuploads%2Fsites%2F2%2F2024%2F01%2FKuendigung-SLIM-X.pdf|target:_blank&#8220;][\/vc_column][\/vc_row][vc_row][vc_column][vc_separator border_width=&#8220;5&#8243;][\/vc_column][\/vc_row][vc_row][vc_column][vc_column_text] Oracle Links Die SLIX GmbH hat mit der Oracle Corporation einen Hosting-Vertrag abgeschlossen und als&hellip; <br \/> <a class=\"read-more\" href=\"https:\/\/www.slix.de\/lerntherapie\/downloads\/\">Weiterlesen<\/a><\/p>\n","protected":false},"author":4,"featured_media":1263,"parent":0,"menu_order":0,"comment_status":"closed","ping_status":"closed","template":"","meta":{"footnotes":""},"class_list":["post-1157","page","type-page","status-publish","has-post-thumbnail","hentry"],"_links":{"self":[{"href":"https:\/\/www.slix.de\/lerntherapie\/wp-json\/wp\/v2\/pages\/1157","targetHints":{"allow":["GET"]}}],"collection":[{"href":"https:\/\/www.slix.de\/lerntherapie\/wp-json\/wp\/v2\/pages"}],"about":[{"href":"https:\/\/www.slix.de\/lerntherapie\/wp-json\/wp\/v2\/types\/page"}],"author":[{"embeddable":true,"href":"https:\/\/www.slix.de\/lerntherapie\/wp-json\/wp\/v2\/users\/4"}],"replies":[{"embeddable":true,"href":"https:\/\/www.slix.de\/lerntherapie\/wp-json\/wp\/v2\/comments?post=1157"}],"version-history":[{"count":41,"href":"https:\/\/www.slix.de\/lerntherapie\/wp-json\/wp\/v2\/pages\/1157\/revisions"}],"predecessor-version":[{"id":1264,"href":"https:\/\/www.slix.de\/lerntherapie\/wp-json\/wp\/v2\/pages\/1157\/revisions\/1264"}],"wp:featuredmedia":[{"embeddable":true,"href":"https:\/\/www.slix.de\/lerntherapie\/wp-json\/wp\/v2\/media\/1263"}],"wp:attachment":[{"href":"https:\/\/www.slix.de\/lerntherapie\/wp-json\/wp\/v2\/media?parent=1157"}],"curies":[{"name":"wp","href":"https:\/\/api.w.org\/{rel}","templated":true}]}}